{"id":1223,"date":"2023-08-23T18:55:01","date_gmt":"2023-08-23T18:55:01","guid":{"rendered":"https:\/\/codigosdescuentoonline.es\/?page_id=1223"},"modified":"2025-03-10T18:58:10","modified_gmt":"2025-03-10T18:58:10","slug":"acerca-de-codigosdescuentoonline-es","status":"publish","type":"page","link":"https:\/\/codigosdescuentoonline.es\/en\/acerca-de-codigosdescuentoonline-es\/","title":{"rendered":"Acerca de Codigosdescuentoonline.es"},"content":{"rendered":"<p>Codigosdescuentoonline.es es un sitio web online que ofrece c\u00f3digos de descuento, c\u00f3digos promocionales y cupones a consumidores que quieren ahorrar dinero en sus compras. Cada d\u00eda publicamos los c\u00f3digos de descuento actualizados en nuestra web. Adem\u00e1s de ofrecer cupones y c\u00f3digos promocionales, nuestro sitio web tambi\u00e9n brinda la mejor informaci\u00f3n sobre las \u00faltimas ofertas y ventas de minoristas populares.<\/p>\n\n\n\n<h2 class=\"wp-block-heading\">Descargo de responsabilidad<\/h2>\n\n\n\n<p>Tenga en cuenta que Codigosdescuentoonline.es no funciona como una plataforma de venta online. Nos especializamos en proporcionar vales y c\u00f3digos de descuento gratuitos, para uso exclusivo en las tiendas en l\u00ednea correspondientes. Cualquier pregunta sobre sus pedidos, reservas o estado de env\u00edo debe dirigirse a la tienda o proveedor en l\u00ednea correspondiente. Sin embargo, si tiene alguna pregunta sobre el uso adecuado de un c\u00f3digo promocional, no dude en contactarnos por correo electr\u00f3nico.<\/p>\n\n\n\n<h2 class=\"wp-block-heading\"><strong>About the company<\/strong><\/h2>\n\n\n\n<p><strong>Company Name:<\/strong>&nbsp;Revx Innovators LTD<br><strong>Company Number:<\/strong>&nbsp;15079310<br><strong>Address:<\/strong>&nbsp;148 The Broadway, Southall, England, UB1 1QN United Kingdom<\/p>\n\n\n\n<p><strong>Email:<\/strong>\u00a0danishaffiliatemarketer@gmail.com<\/p>","protected":false},"excerpt":{"rendered":"<p>Codigosdescuentoonline.es es un sitio web online que ofrece c\u00f3digos de descuento, c\u00f3digos promocionales y cupones a consumidores que quieren ahorrar dinero en sus compras. Cada d\u00eda publicamos los c\u00f3digos de descuento actualizados en nuestra web. Adem\u00e1s de ofrecer cupones y c\u00f3digos promocionales, nuestro sitio web tambi\u00e9n brinda la mejor informaci\u00f3n sobre las \u00faltimas ofertas y&#8230;<\/p>","protected":false},"author":1,"featured_media":0,"parent":0,"menu_order":0,"comment_status":"closed","ping_status":"closed","template":"","meta":{"_acf_changed":false,"footnotes":""},"class_list":["post-1223","page","type-page","status-publish","hentry"],"acf":[],"yoast_head":"<!-- This site is optimized with the Yoast SEO plugin v24.1 - https:\/\/yoast.com\/wordpress\/plugins\/seo\/ -->\n<title>Acerca de Codigosdescuentoonline.es - Codigos Descuento<\/title>\n<meta name=\"robots\" content=\"index, follow, max-snippet:-1, max-image-preview:large, max-video-preview:-1\" \/>\n<link rel=\"canonical\" href=\"https:\/\/codigosdescuentoonline.es\/en\/acerca-de-codigosdescuentoonline-es\/\" \/>\n<meta property=\"og:locale\" content=\"en_US\" \/>\n<meta property=\"og:type\" content=\"article\" \/>\n<meta property=\"og:title\" content=\"Acerca de Codigosdescuentoonline.es - Codigos Descuento\" \/>\n<meta property=\"og:description\" content=\"Codigosdescuentoonline.es es un sitio web online que ofrece c\u00f3digos de descuento, c\u00f3digos promocionales y cupones a consumidores que quieren ahorrar dinero en sus compras. Cada d\u00eda publicamos los c\u00f3digos de descuento actualizados en nuestra web. Adem\u00e1s de ofrecer cupones y c\u00f3digos promocionales, nuestro sitio web tambi\u00e9n brinda la mejor informaci\u00f3n sobre las \u00faltimas ofertas y...\" \/>\n<meta property=\"og:url\" content=\"https:\/\/codigosdescuentoonline.es\/en\/acerca-de-codigosdescuentoonline-es\/\" \/>\n<meta property=\"og:site_name\" content=\"Codigos Descuento\" \/>\n<meta property=\"article:modified_time\" content=\"2025-03-10T18:58:10+00:00\" \/>\n<meta name=\"twitter:card\" content=\"summary_large_image\" \/>\n<meta name=\"twitter:label1\" content=\"Est. reading time\" \/>\n\t<meta name=\"twitter:data1\" content=\"1 minute\" \/>\n<script type=\"application\/ld+json\" class=\"yoast-schema-graph\">{\"@context\":\"https:\/\/schema.org\",\"@graph\":[{\"@type\":\"WebPage\",\"@id\":\"https:\/\/codigosdescuentoonline.es\/acerca-de-codigosdescuentoonline-es\/\",\"url\":\"https:\/\/codigosdescuentoonline.es\/acerca-de-codigosdescuentoonline-es\/\",\"name\":\"Acerca de Codigosdescuentoonline.es - Codigos Descuento\",\"isPartOf\":{\"@id\":\"https:\/\/codigosdescuentoonline.es\/#website\"},\"datePublished\":\"2023-08-23T18:55:01+00:00\",\"dateModified\":\"2025-03-10T18:58:10+00:00\",\"breadcrumb\":{\"@id\":\"https:\/\/codigosdescuentoonline.es\/acerca-de-codigosdescuentoonline-es\/#breadcrumb\"},\"inLanguage\":\"en-US\",\"potentialAction\":[{\"@type\":\"ReadAction\",\"target\":[\"https:\/\/codigosdescuentoonline.es\/acerca-de-codigosdescuentoonline-es\/\"]}]},{\"@type\":\"BreadcrumbList\",\"@id\":\"https:\/\/codigosdescuentoonline.es\/acerca-de-codigosdescuentoonline-es\/#breadcrumb\",\"itemListElement\":[{\"@type\":\"ListItem\",\"position\":1,\"name\":\"Home\",\"item\":\"https:\/\/codigosdescuentoonline.es\/\"},{\"@type\":\"ListItem\",\"position\":2,\"name\":\"Acerca de Codigosdescuentoonline.es\"}]},{\"@type\":\"WebSite\",\"@id\":\"https:\/\/codigosdescuentoonline.es\/#website\",\"url\":\"https:\/\/codigosdescuentoonline.es\/\",\"name\":\"Codigos Descuento\",\"description\":\"Online\",\"publisher\":{\"@id\":\"https:\/\/codigosdescuentoonline.es\/#organization\"},\"potentialAction\":[{\"@type\":\"SearchAction\",\"target\":{\"@type\":\"EntryPoint\",\"urlTemplate\":\"https:\/\/codigosdescuentoonline.es\/?s={search_term_string}\"},\"query-input\":{\"@type\":\"PropertyValueSpecification\",\"valueRequired\":true,\"valueName\":\"search_term_string\"}}],\"inLanguage\":\"en-US\"},{\"@type\":\"Organization\",\"@id\":\"https:\/\/codigosdescuentoonline.es\/#organization\",\"name\":\"Codigos Descuento\",\"url\":\"https:\/\/codigosdescuentoonline.es\/\",\"logo\":{\"@type\":\"ImageObject\",\"inLanguage\":\"en-US\",\"@id\":\"https:\/\/codigosdescuentoonline.es\/#\/schema\/logo\/image\/\",\"url\":\"https:\/\/codigosdescuentoonline.es\/wp-content\/uploads\/2023\/03\/Moiz-Logo-bold-1.png\",\"contentUrl\":\"https:\/\/codigosdescuentoonline.es\/wp-content\/uploads\/2023\/03\/Moiz-Logo-bold-1.png\",\"width\":1160,\"height\":338,\"caption\":\"Codigos Descuento\"},\"image\":{\"@id\":\"https:\/\/codigosdescuentoonline.es\/#\/schema\/logo\/image\/\"}}]}<\/script>\n<!-- \/ Yoast SEO plugin. -->","yoast_head_json":{"title":"Acerca de Codigosdescuentoonline.es - Codigos Descuento","robots":{"index":"index","follow":"follow","max-snippet":"max-snippet:-1","max-image-preview":"max-image-preview:large","max-video-preview":"max-video-preview:-1"},"canonical":"https:\/\/codigosdescuentoonline.es\/en\/acerca-de-codigosdescuentoonline-es\/","og_locale":"en_US","og_type":"article","og_title":"Acerca de Codigosdescuentoonline.es - Codigos Descuento","og_description":"Codigosdescuentoonline.es es un sitio web online que ofrece c\u00f3digos de descuento, c\u00f3digos promocionales y cupones a consumidores que quieren ahorrar dinero en sus compras. Cada d\u00eda publicamos los c\u00f3digos de descuento actualizados en nuestra web. Adem\u00e1s de ofrecer cupones y c\u00f3digos promocionales, nuestro sitio web tambi\u00e9n brinda la mejor informaci\u00f3n sobre las \u00faltimas ofertas y...","og_url":"https:\/\/codigosdescuentoonline.es\/en\/acerca-de-codigosdescuentoonline-es\/","og_site_name":"Codigos Descuento","article_modified_time":"2025-03-10T18:58:10+00:00","twitter_card":"summary_large_image","twitter_misc":{"Est. reading time":"1 minute"},"schema":{"@context":"https:\/\/schema.org","@graph":[{"@type":"WebPage","@id":"https:\/\/codigosdescuentoonline.es\/acerca-de-codigosdescuentoonline-es\/","url":"https:\/\/codigosdescuentoonline.es\/acerca-de-codigosdescuentoonline-es\/","name":"Acerca de Codigosdescuentoonline.es - Codigos Descuento","isPartOf":{"@id":"https:\/\/codigosdescuentoonline.es\/#website"},"datePublished":"2023-08-23T18:55:01+00:00","dateModified":"2025-03-10T18:58:10+00:00","breadcrumb":{"@id":"https:\/\/codigosdescuentoonline.es\/acerca-de-codigosdescuentoonline-es\/#breadcrumb"},"inLanguage":"en-US","potentialAction":[{"@type":"ReadAction","target":["https:\/\/codigosdescuentoonline.es\/acerca-de-codigosdescuentoonline-es\/"]}]},{"@type":"BreadcrumbList","@id":"https:\/\/codigosdescuentoonline.es\/acerca-de-codigosdescuentoonline-es\/#breadcrumb","itemListElement":[{"@type":"ListItem","position":1,"name":"Home","item":"https:\/\/codigosdescuentoonline.es\/"},{"@type":"ListItem","position":2,"name":"Acerca de Codigosdescuentoonline.es"}]},{"@type":"WebSite","@id":"https:\/\/codigosdescuentoonline.es\/#website","url":"https:\/\/codigosdescuentoonline.es\/","name":"Codigos Descuento","description":"Online","publisher":{"@id":"https:\/\/codigosdescuentoonline.es\/#organization"},"potentialAction":[{"@type":"SearchAction","target":{"@type":"EntryPoint","urlTemplate":"https:\/\/codigosdescuentoonline.es\/?s={search_term_string}"},"query-input":{"@type":"PropertyValueSpecification","valueRequired":true,"valueName":"search_term_string"}}],"inLanguage":"en-US"},{"@type":"Organization","@id":"https:\/\/codigosdescuentoonline.es\/#organization","name":"Codigos Descuento","url":"https:\/\/codigosdescuentoonline.es\/","logo":{"@type":"ImageObject","inLanguage":"en-US","@id":"https:\/\/codigosdescuentoonline.es\/#\/schema\/logo\/image\/","url":"https:\/\/codigosdescuentoonline.es\/wp-content\/uploads\/2023\/03\/Moiz-Logo-bold-1.png","contentUrl":"https:\/\/codigosdescuentoonline.es\/wp-content\/uploads\/2023\/03\/Moiz-Logo-bold-1.png","width":1160,"height":338,"caption":"Codigos Descuento"},"image":{"@id":"https:\/\/codigosdescuentoonline.es\/#\/schema\/logo\/image\/"}}]}},"_links":{"self":[{"href":"https:\/\/codigosdescuentoonline.es\/en\/wp-json\/wp\/v2\/pages\/1223","targetHints":{"allow":["GET"]}}],"collection":[{"href":"https:\/\/codigosdescuentoonline.es\/en\/wp-json\/wp\/v2\/pages"}],"about":[{"href":"https:\/\/codigosdescuentoonline.es\/en\/wp-json\/wp\/v2\/types\/page"}],"author":[{"embeddable":true,"href":"https:\/\/codigosdescuentoonline.es\/en\/wp-json\/wp\/v2\/users\/1"}],"replies":[{"embeddable":true,"href":"https:\/\/codigosdescuentoonline.es\/en\/wp-json\/wp\/v2\/comments?post=1223"}],"version-history":[{"count":8,"href":"https:\/\/codigosdescuentoonline.es\/en\/wp-json\/wp\/v2\/pages\/1223\/revisions"}],"predecessor-version":[{"id":3452,"href":"https:\/\/codigosdescuentoonline.es\/en\/wp-json\/wp\/v2\/pages\/1223\/revisions\/3452"}],"wp:attachment":[{"href":"https:\/\/codigosdescuentoonline.es\/en\/wp-json\/wp\/v2\/media?parent=1223"}],"curies":[{"name":"wp","href":"https:\/\/api.w.org\/{rel}","templated":true}]}}