{"id":1252,"date":"2023-08-26T18:42:13","date_gmt":"2023-08-26T18:42:13","guid":{"rendered":"https:\/\/codigosdescuentoonline.es\/?page_id=1252"},"modified":"2023-08-26T18:56:14","modified_gmt":"2023-08-26T18:56:14","slug":"blog","status":"publish","type":"page","link":"https:\/\/codigosdescuentoonline.es\/en\/blog\/","title":{"rendered":"Blog"},"content":{"rendered":"<p><strong>Libere ahorros extraordinarios con c\u00f3digos de descuento y ofertas: su compa\u00f1ero de compras definitivo en Codigosdescuentoonline.es<\/strong><\/p>\n\n\n\n<p>Prep\u00e1rese para elevar su experiencia de compra en l\u00ednea a alturas sin precedentes con Codigosdescuentoonline.es, el destino definitivo para desbloquear ahorros fenomenales a trav\u00e9s de c\u00f3digos de descuento exclusivos y eventos de ventas irresistibles. Ya sea que sea un comprador digital experimentado o se aventure en el mundo de las ofertas en l\u00ednea por primera vez, esta gu\u00eda completa le brindar\u00e1 la informaci\u00f3n que necesita para convertirse en un consumidor inteligente en nuestra principal plataforma de marketing de afiliados.<\/p>\n\n\n\n<p><strong>Encendiendo la magia de los c\u00f3digos de descuento y la emoci\u00f3n de las ventas<\/strong><\/p>\n\n\n\n<p>Imagine los c\u00f3digos de descuento como llaves encantadas que tienen el poder de abrir puertas a un reino de asequibilidad dentro de su carrito de compras virtual. Mientras tanto, las rebajas son como festivales emocionantes que transforman sus deseos de compra en realidad, manteniendo intacto su presupuesto. Pero \u00bfc\u00f3mo se desarrolla este encantador proceso?<\/p>\n\n\n\n<p>Piense en ello como un baile armonioso entre consumidores y minoristas. Las marcas y las tiendas utilizan c\u00f3digos de descuento y ofertas para cautivar a m\u00e1s compradores, amplificar sus cifras de ventas y fomentar una lealtad duradera. A cambio, usted, el comprador exigente, se embarca en un viaje lleno del placer de adquirir productos excepcionales a precios que desaf\u00edan lo com\u00fan.<\/p>\n\n\n\n<p><strong>Vive una fascinante odisea de compras en Codigosdescuentoonline.es<\/strong><\/p>\n\n\n\n<p>Tu viaje al mundo del ahorro comienza aqu\u00ed, en Codigosdescuentoonline.es. Armado con c\u00f3digos de descuento exclusivos y con conocimiento interno de las pr\u00f3ximas ventas, est\u00e1 equipado para comprar de manera inteligente, ampliando su presupuesto para lograr m\u00e1s. Ya sea que est\u00e9 renovando su guardarropa, mejorando su colecci\u00f3n de tecnolog\u00eda o permiti\u00e9ndose un merecido cuidado personal, recuerde que C\u00f3digos Descuento Online (ES) sirve como su portal para desbloquear un universo de ofertas extraordinarias. \u00a1Feliz compra!<\/p>\n\n\n\n<p>Cubrimos todas las categor\u00edas principales mediante la promoci\u00f3n de c\u00f3digos de descuento, c\u00f3digos promocionales, ofertas, ventas, etc. Una de las categor\u00edas principales es la &#8220;Categor\u00eda de moda&#8221;.<\/p>\n\n\n\n<p><strong>Descubra descuentos irresistibles en moda femenina: \u00a1su gu\u00eda definitiva para ahorrar con estilo!<\/strong><\/p>\n\n\n\n<p>\u00a1Tu b\u00fasqueda de descuentos inmejorables en moda femenina termina aqu\u00ed! Hemos seleccionado meticulosamente una colecci\u00f3n de las promociones y ofertas m\u00e1s atractivas, que muestran las \u00faltimas tendencias en ropa, calzado y accesorios. Ya sea que se est\u00e9 preparando para una noche glamorosa, buscando el conjunto de trabajo perfecto o buscando elevar su estilo con accesorios, nuestra variedad de descuentos notables lo tiene cubierto.<\/p>\n\n\n\n<p>Desde lujosas marcas de dise\u00f1adores hasta moda r\u00e1pida y asequible, nuestra selecci\u00f3n se adapta a todos los presupuestos y preferencias de moda. Sum\u00e9rgete en nuestras gemas cuidadosamente seleccionadas para encontrar moda femenina con descuento y descubre un mundo de estilo:<\/p>\n\n\n\n<p><strong>Zara:<\/strong> Ad\u00e9ntrate en el mundo de la sofisticaci\u00f3n y la tendencia con Zara. Esta potencia de la moda espa\u00f1ola es famosa por sus colecciones elegantes. Explore su sitio web para conocer promociones y ventas continuas. No olvide suscribirse a su bolet\u00edn para recibir actualizaciones en tiempo real sobre descuentos y ofertas que mejorar\u00e1n su experiencia de compra.<\/p>\n\n\n\n<p><strong>Mango:<\/strong> Emb\u00e1rcate en un viaje de elegancia femenina con Mango. Conocida por sus estilos refinados, Mango ofrece una amplia gama de ropa y accesorios para mujer. Mantenga sus sentidos atentos a sus ofertas de temporada y ofertas exclusivas en l\u00ednea, que a menudo ofrecen importantes descuentos.<\/p>\n\n\n\n<p><strong>ASOS:<\/strong> Da rienda suelta a tu estilo \u00fanico con ASOS, un centro de moda femenina diversa e inclusiva. ASOS, que ofrece una amplia gama de tallas y estilos, frecuentemente recompensa a los compradores en l\u00ednea con descuentos y c\u00f3digos promocionales. Es su destino ideal para expresiones de moda personalizadas.<\/p>\n\n\n\n<p><strong>El Corte Ingl\u00e9s:<\/strong> Sum\u00e9rgete en un oc\u00e9ano de opciones en el gigante minorista espa\u00f1ol, El Corte Ingl\u00e9s. Cuenta con una extensa colecci\u00f3n de moda femenina, que abarca marcas de lujo y opciones econ\u00f3micas. Descubra descuentos y promociones exclusivos en su plataforma en l\u00ednea y amplifique sus ahorros inscribi\u00e9ndose en su programa de fidelizaci\u00f3n.<\/p>\n\n\n\n<p><strong>Sarenza:<\/strong> Ad\u00e9ntrate en un universo de zapatos y complementos de mujer con Sarenza. Explore una amplia gama de estilos y marcas, todos acompa\u00f1ados de ventas regulares y descuentos en l\u00ednea. Tus deseos de calzado y accesorios encuentran aqu\u00ed su combinaci\u00f3n perfecta.<\/p>\n\n\n\n<p><strong>H&amp;M:<\/strong> Descubra el encanto de la moda moderna y econ\u00f3mica en H&amp;M. H&amp;M, uno de los favoritos entre las mujeres amantes de la moda, ofrece las \u00faltimas actualizaciones de vestuario sin poner a prueba tus finanzas. Explore su tienda en l\u00ednea en busca de un tesoro de ventas regulares y descuentos exclusivos en ropa, zapatos y accesorios para mujer.<\/p>\n\n\n\n<p><strong>Pull and Bear: <\/strong>Abraza la esencia del estilo relajado con Pull and Bear. Combinando perfectamente comodidad y moda, esta marca ofrece una variedad de opciones para la mujer moderna. Desde chaquetas hasta jeans y calzado, encuentra tu look casual ideal con sus descuentos y promociones en l\u00ednea habituales.<\/p>\n\n\n\n<p><strong>Stradivarius:<\/strong> eleva tu estilo con Stradivarius, un esp\u00edritu af\u00edn a Zara. Con un enfoque juvenil en la elegancia impulsada por las tendencias, Stradivarius logra el equilibrio ideal entre calidad y asequibilidad. Sum\u00e9rgete en su sitio web para obtener ofertas exclusivas en l\u00ednea y ventas de temporada que redefinir\u00e1n tu guardarropa.<\/p>\n\n\n\n<p><strong>Desigual: <\/strong>Atr\u00e9vete a destacar con los dise\u00f1os atrevidos y vibrantes y estampados \u00fanicos de Desigual. Esta marca es la mejor opci\u00f3n para las mujeres que buscan declaraciones de moda distintivas. Explore su colecci\u00f3n de vestidos, blusas y accesorios, y disfrute de descuentos regulares en l\u00ednea que suponen una declaraci\u00f3n audaz de ahorros.<\/p>\n\n\n\n<p><strong>Amazon Fashion:<\/strong> Sum\u00e9rgete en la inmensidad del imperio de la moda en l\u00ednea de Amazon. Como uno de los minoristas m\u00e1s grandes del mundo, Amazon ofrece una impresionante variedad de moda femenina, que abarca varias marcas y estilos. Est\u00e9 atento a los descuentos exclusivos y las ofertas diarias que hacen que sus prendas de moda favoritas sean a\u00fan m\u00e1s irresistibles.<\/p>\n\n\n\n<p>Mejora tu juego de moda y redefine tu estilo con estas incre\u00edbles ofertas. Nuestra cuidada selecci\u00f3n garantiza que no s\u00f3lo luzca fabuloso sino que tambi\u00e9n ahorre de forma inteligente. \u00a1Transforme su experiencia de compras en un emocionante viaje de descubrimiento de moda!<\/p>\n\n\n\n<p>Independientemente de su inclinaci\u00f3n de estilo o plan financiero, Espa\u00f1a ofrece una gran variedad de atractivos descuentos en moda femenina. Mant\u00e9ngase atento a las ventas continuas, reciba boletines informativos y programas de fidelizaci\u00f3n y explore nuestras mejores opciones cuidadosamente seleccionadas para obtener ofertas excepcionales en ropa, calzado y accesorios para mujer. \u00a1Que empiecen las compras!<\/p>\n\n\n\n<p><strong>Revelando ahorros incomparables: su fuente principal de c\u00f3digos de descuento y ventas premium<\/strong><\/p>\n\n\n\n<p>\u00bfEst\u00e1 preparado para mejorar sus escapadas de compras y acceder a ahorros incomparables? No busque m\u00e1s, Codigosdescuentoonline.es, su centro definitivo para obtener las ventas y los c\u00f3digos de descuento m\u00e1s innovadores y actuales. Ya sea la euforia de Halloween, la grandeza del Black Friday, las maravillas virtuales del Cyber Monday, el aura reconfortante de la Navidad, la devoci\u00f3n del D\u00eda del Padre y de la Madre, la tranquilidad de las vacaciones de oto\u00f1o o la vitalidad de las compras de verano, nosotros Te tengo cubierto.<\/p>\n\n\n\n<p><strong>\u00a1Te esperan esplendores estacionales!<\/strong><\/p>\n\n\n\n<p><strong>Encantamiento de Halloween:<\/strong> Sum\u00e9rgete en las rebajas de Halloween y celebra tu creatividad mientras descubres ofertas irresistibles en disfraces, accesorios, maquillaje, decoraciones y m\u00e1s. Tambi\u00e9n hay disponibles opciones de entretenimiento como pel\u00edculas, juegos y libros para emocionarte y relajarte.<\/p>\n\n\n\n<p>Ya sea el encanto del Black Friday, las maravillas digitales del Cyber Monday, la calidez de la Navidad, el homenaje a los padres, el encanto del oto\u00f1o o la vivacidad del verano, ten la seguridad: Codigosdescuentoonline.es es tu puerta de entrada a las compras inteligentes. Prep\u00e1rese para comprar, ahorrar y disfrutar de ofertas inmejorables durante todo el a\u00f1o. \u00a1Feliz compra! prep\u00e1rate para el espect\u00e1culo de compras del a\u00f1o. Sea testigo de asombrosos descuentos en todo, desde moda hasta electr\u00f3nica, preparando el escenario para un comienzo incre\u00edble de sus compras navide\u00f1as.<\/p>\n\n\n\n<p><strong>Delicia del Cyber Monday:<\/strong> \u00bfTe perdiste el Black Friday? \u00a1No tem\u00e1is! El Cyber Monday marca el comienzo de una avalancha digital de ofertas exclusivas en l\u00ednea: un para\u00edso tanto para los entusiastas de la tecnolog\u00eda como para los buscadores de ofertas.<\/p>\n\n\n\n<p><strong>Navidad conmovedora:<\/strong> es la temporada de dar, y hemos seleccionado c\u00f3digos y ofertas que agregar\u00e1n alegr\u00eda y asequibilidad a su experiencia de dar regalos. Desde c\u00f3modos su\u00e9teres hasta regalos pensados, tenemos justo lo que necesitas.<\/p>\n\n\n\n<p><strong>Honrando a los padres en sus d\u00edas especiales:<\/strong> exprese su gratitud sin forzar su billetera. Nuestros c\u00f3digos y ofertas simplifican la b\u00fasqueda de esa muestra de agradecimiento perfecta para sus queridos familiares.<\/p>\n\n\n\n<p><strong>Serenidad oto\u00f1al:<\/strong> a medida que las hojas cambian de tonalidad, tambi\u00e9n lo hacen los descuentos. Disfrute de reducciones de precios oto\u00f1ales en moda, decoraci\u00f3n del hogar y m\u00e1s.<\/p>\n\n\n\n<p><strong>Summer Vitality: <\/strong>abrace la vibrante energ\u00eda del verano con nuestros incre\u00edbles descuentos en ropa de playa, equipo para actividades al aire libre y art\u00edculos b\u00e1sicos de viaje.<\/p>\n\n\n\n<p><strong>Tu eterno compa\u00f1ero de compras<\/strong><\/p>\n\n\n\n<p>Tanto si eres un planificador minucioso como si eres un comprador impulsivo, Codigosdescuentoonline.es est\u00e1 a tu lado como un fiel compa\u00f1ero. Nuestro compromiso inquebrantable de proporcionar los mejores y m\u00e1s recientes c\u00f3digos de descuento y ventas garantiza que su experiencia de compra no solo sea perfecta sino tambi\u00e9n econ\u00f3mica.<\/p>\n\n\n\n<p>Ya sea el encanto del Black Friday, las maravillas digitales del Cyber Monday, la calidez de la Navidad, el homenaje a los padres, el encanto del oto\u00f1o o la vivacidad del verano, ten la seguridad: Codigosdescuentoonline.es es tu puerta de entrada a las compras inteligentes. Prep\u00e1rese para comprar, ahorrar y disfrutar de ofertas inmejorables durante todo el a\u00f1o. \u00a1Feliz compra!<\/p>","protected":false},"excerpt":{"rendered":"<p>Libere ahorros extraordinarios con c\u00f3digos de descuento y ofertas: su compa\u00f1ero de compras definitivo en Codigosdescuentoonline.es Prep\u00e1rese para elevar su experiencia de compra en l\u00ednea a alturas sin precedentes con Codigosdescuentoonline.es, el destino definitivo para desbloquear ahorros fenomenales a trav\u00e9s de c\u00f3digos de descuento exclusivos y eventos de ventas irresistibles. Ya sea que sea un&#8230;<\/p>","protected":false},"author":1,"featured_media":0,"parent":0,"menu_order":0,"comment_status":"closed","ping_status":"closed","template":"","meta":{"_acf_changed":false,"footnotes":""},"class_list":["post-1252","page","type-page","status-publish","hentry"],"acf":[],"yoast_head":"<!-- This site is optimized with the Yoast SEO plugin v24.1 - https:\/\/yoast.com\/wordpress\/plugins\/seo\/ -->\n<title>Blog - Codigos Descuento<\/title>\n<meta name=\"robots\" content=\"index, follow, max-snippet:-1, max-image-preview:large, max-video-preview:-1\" \/>\n<link rel=\"canonical\" href=\"https:\/\/codigosdescuentoonline.es\/en\/blog\/\" \/>\n<meta property=\"og:locale\" content=\"en_US\" \/>\n<meta property=\"og:type\" content=\"article\" \/>\n<meta property=\"og:title\" content=\"Blog - Codigos Descuento\" \/>\n<meta property=\"og:description\" content=\"Libere ahorros extraordinarios con c\u00f3digos de descuento y ofertas: su compa\u00f1ero de compras definitivo en Codigosdescuentoonline.es Prep\u00e1rese para elevar su experiencia de compra en l\u00ednea a alturas sin precedentes con Codigosdescuentoonline.es, el destino definitivo para desbloquear ahorros fenomenales a trav\u00e9s de c\u00f3digos de descuento exclusivos y eventos de ventas irresistibles. Ya sea que sea un...\" \/>\n<meta property=\"og:url\" content=\"https:\/\/codigosdescuentoonline.es\/en\/blog\/\" \/>\n<meta property=\"og:site_name\" content=\"Codigos Descuento\" \/>\n<meta property=\"article:modified_time\" content=\"2023-08-26T18:56:14+00:00\" \/>\n<meta name=\"twitter:card\" content=\"summary_large_image\" \/>\n<meta name=\"twitter:label1\" content=\"Est. reading time\" \/>\n\t<meta name=\"twitter:data1\" content=\"8 minutes\" \/>\n<script type=\"application\/ld+json\" class=\"yoast-schema-graph\">{\"@context\":\"https:\/\/schema.org\",\"@graph\":[{\"@type\":\"WebPage\",\"@id\":\"https:\/\/codigosdescuentoonline.es\/blog\/\",\"url\":\"https:\/\/codigosdescuentoonline.es\/blog\/\",\"name\":\"Blog - Codigos Descuento\",\"isPartOf\":{\"@id\":\"https:\/\/codigosdescuentoonline.es\/#website\"},\"datePublished\":\"2023-08-26T18:42:13+00:00\",\"dateModified\":\"2023-08-26T18:56:14+00:00\",\"breadcrumb\":{\"@id\":\"https:\/\/codigosdescuentoonline.es\/blog\/#breadcrumb\"},\"inLanguage\":\"en-US\",\"potentialAction\":[{\"@type\":\"ReadAction\",\"target\":[\"https:\/\/codigosdescuentoonline.es\/blog\/\"]}]},{\"@type\":\"BreadcrumbList\",\"@id\":\"https:\/\/codigosdescuentoonline.es\/blog\/#breadcrumb\",\"itemListElement\":[{\"@type\":\"ListItem\",\"position\":1,\"name\":\"Home\",\"item\":\"https:\/\/codigosdescuentoonline.es\/\"},{\"@type\":\"ListItem\",\"position\":2,\"name\":\"Blog\"}]},{\"@type\":\"WebSite\",\"@id\":\"https:\/\/codigosdescuentoonline.es\/#website\",\"url\":\"https:\/\/codigosdescuentoonline.es\/\",\"name\":\"Codigos Descuento\",\"description\":\"Online\",\"publisher\":{\"@id\":\"https:\/\/codigosdescuentoonline.es\/#organization\"},\"potentialAction\":[{\"@type\":\"SearchAction\",\"target\":{\"@type\":\"EntryPoint\",\"urlTemplate\":\"https:\/\/codigosdescuentoonline.es\/?s={search_term_string}\"},\"query-input\":{\"@type\":\"PropertyValueSpecification\",\"valueRequired\":true,\"valueName\":\"search_term_string\"}}],\"inLanguage\":\"en-US\"},{\"@type\":\"Organization\",\"@id\":\"https:\/\/codigosdescuentoonline.es\/#organization\",\"name\":\"Codigos Descuento\",\"url\":\"https:\/\/codigosdescuentoonline.es\/\",\"logo\":{\"@type\":\"ImageObject\",\"inLanguage\":\"en-US\",\"@id\":\"https:\/\/codigosdescuentoonline.es\/#\/schema\/logo\/image\/\",\"url\":\"https:\/\/codigosdescuentoonline.es\/wp-content\/uploads\/2023\/03\/Moiz-Logo-bold-1.png\",\"contentUrl\":\"https:\/\/codigosdescuentoonline.es\/wp-content\/uploads\/2023\/03\/Moiz-Logo-bold-1.png\",\"width\":1160,\"height\":338,\"caption\":\"Codigos Descuento\"},\"image\":{\"@id\":\"https:\/\/codigosdescuentoonline.es\/#\/schema\/logo\/image\/\"}}]}<\/script>\n<!-- \/ Yoast SEO plugin. -->","yoast_head_json":{"title":"Blog - Codigos Descuento","robots":{"index":"index","follow":"follow","max-snippet":"max-snippet:-1","max-image-preview":"max-image-preview:large","max-video-preview":"max-video-preview:-1"},"canonical":"https:\/\/codigosdescuentoonline.es\/en\/blog\/","og_locale":"en_US","og_type":"article","og_title":"Blog - Codigos Descuento","og_description":"Libere ahorros extraordinarios con c\u00f3digos de descuento y ofertas: su compa\u00f1ero de compras definitivo en Codigosdescuentoonline.es Prep\u00e1rese para elevar su experiencia de compra en l\u00ednea a alturas sin precedentes con Codigosdescuentoonline.es, el destino definitivo para desbloquear ahorros fenomenales a trav\u00e9s de c\u00f3digos de descuento exclusivos y eventos de ventas irresistibles. Ya sea que sea un...","og_url":"https:\/\/codigosdescuentoonline.es\/en\/blog\/","og_site_name":"Codigos Descuento","article_modified_time":"2023-08-26T18:56:14+00:00","twitter_card":"summary_large_image","twitter_misc":{"Est. reading time":"8 minutes"},"schema":{"@context":"https:\/\/schema.org","@graph":[{"@type":"WebPage","@id":"https:\/\/codigosdescuentoonline.es\/blog\/","url":"https:\/\/codigosdescuentoonline.es\/blog\/","name":"Blog - Codigos Descuento","isPartOf":{"@id":"https:\/\/codigosdescuentoonline.es\/#website"},"datePublished":"2023-08-26T18:42:13+00:00","dateModified":"2023-08-26T18:56:14+00:00","breadcrumb":{"@id":"https:\/\/codigosdescuentoonline.es\/blog\/#breadcrumb"},"inLanguage":"en-US","potentialAction":[{"@type":"ReadAction","target":["https:\/\/codigosdescuentoonline.es\/blog\/"]}]},{"@type":"BreadcrumbList","@id":"https:\/\/codigosdescuentoonline.es\/blog\/#breadcrumb","itemListElement":[{"@type":"ListItem","position":1,"name":"Home","item":"https:\/\/codigosdescuentoonline.es\/"},{"@type":"ListItem","position":2,"name":"Blog"}]},{"@type":"WebSite","@id":"https:\/\/codigosdescuentoonline.es\/#website","url":"https:\/\/codigosdescuentoonline.es\/","name":"Codigos Descuento","description":"Online","publisher":{"@id":"https:\/\/codigosdescuentoonline.es\/#organization"},"potentialAction":[{"@type":"SearchAction","target":{"@type":"EntryPoint","urlTemplate":"https:\/\/codigosdescuentoonline.es\/?s={search_term_string}"},"query-input":{"@type":"PropertyValueSpecification","valueRequired":true,"valueName":"search_term_string"}}],"inLanguage":"en-US"},{"@type":"Organization","@id":"https:\/\/codigosdescuentoonline.es\/#organization","name":"Codigos Descuento","url":"https:\/\/codigosdescuentoonline.es\/","logo":{"@type":"ImageObject","inLanguage":"en-US","@id":"https:\/\/codigosdescuentoonline.es\/#\/schema\/logo\/image\/","url":"https:\/\/codigosdescuentoonline.es\/wp-content\/uploads\/2023\/03\/Moiz-Logo-bold-1.png","contentUrl":"https:\/\/codigosdescuentoonline.es\/wp-content\/uploads\/2023\/03\/Moiz-Logo-bold-1.png","width":1160,"height":338,"caption":"Codigos Descuento"},"image":{"@id":"https:\/\/codigosdescuentoonline.es\/#\/schema\/logo\/image\/"}}]}},"_links":{"self":[{"href":"https:\/\/codigosdescuentoonline.es\/en\/wp-json\/wp\/v2\/pages\/1252","targetHints":{"allow":["GET"]}}],"collection":[{"href":"https:\/\/codigosdescuentoonline.es\/en\/wp-json\/wp\/v2\/pages"}],"about":[{"href":"https:\/\/codigosdescuentoonline.es\/en\/wp-json\/wp\/v2\/types\/page"}],"author":[{"embeddable":true,"href":"https:\/\/codigosdescuentoonline.es\/en\/wp-json\/wp\/v2\/users\/1"}],"replies":[{"embeddable":true,"href":"https:\/\/codigosdescuentoonline.es\/en\/wp-json\/wp\/v2\/comments?post=1252"}],"version-history":[{"count":10,"href":"https:\/\/codigosdescuentoonline.es\/en\/wp-json\/wp\/v2\/pages\/1252\/revisions"}],"predecessor-version":[{"id":1268,"href":"https:\/\/codigosdescuentoonline.es\/en\/wp-json\/wp\/v2\/pages\/1252\/revisions\/1268"}],"wp:attachment":[{"href":"https:\/\/codigosdescuentoonline.es\/en\/wp-json\/wp\/v2\/media?parent=1252"}],"curies":[{"name":"wp","href":"https:\/\/api.w.org\/{rel}","templated":true}]}}